{"id":1977,"date":"2023-11-02T14:16:23","date_gmt":"2023-11-02T13:16:23","guid":{"rendered":"https:\/\/katzorange.com\/?page_id=1977"},"modified":"2025-09-12T13:06:34","modified_gmt":"2025-09-12T11:06:34","slug":"impressum","status":"publish","type":"page","link":"https:\/\/katzorange.com\/en\/impressum\/","title":{"rendered":"Imprint"},"content":{"rendered":"<div data-elementor-type=\"wp-page\" data-elementor-id=\"1977\" class=\"elementor elementor-1977\" data-elementor-post-type=\"page\">\n\t\t\t\t\t\t<section class=\"elementor-section elementor-top-section elementor-element elementor-element-348c570 elementor-section-boxed elementor-section-height-default elementor-section-height-default\" data-id=\"348c570\" data-element_type=\"section\" data-e-type=\"section\" data-settings=\"{&quot;background_background&quot;:&quot;classic&quot;}\">\n\t\t\t\t\t\t<div class=\"elementor-container elementor-column-gap-default\">\n\t\t\t\t\t<div class=\"elementor-column elementor-col-100 elementor-top-column elementor-element elementor-element-4b09212\" data-id=\"4b09212\" data-element_type=\"column\" data-e-type=\"column\">\n\t\t\t<div class=\"elementor-widget-wrap\">\n\t\t\t\t\t\t\t<\/div>\n\t\t<\/div>\n\t\t\t\t\t<\/div>\n\t\t<\/section>\n\t\t\t\t<section class=\"elementor-section elementor-top-section elementor-element elementor-element-8eda5fc elementor-section-boxed elementor-section-height-default elementor-section-height-default\" data-id=\"8eda5fc\" data-element_type=\"section\" data-e-type=\"section\" data-settings=\"{&quot;background_background&quot;:&quot;classic&quot;}\">\n\t\t\t\t\t\t<div class=\"elementor-container elementor-column-gap-default\">\n\t\t\t\t\t<div class=\"elementor-column elementor-col-100 elementor-top-column elementor-element elementor-element-15b55b7\" data-id=\"15b55b7\" data-element_type=\"column\" data-e-type=\"column\">\n\t\t\t<div class=\"elementor-widget-wrap elementor-element-populated\">\n\t\t\t\t\t\t<div class=\"elementor-element elementor-element-0a241b8 elementor-widget elementor-widget-spacer\" data-id=\"0a241b8\" data-element_type=\"widget\" data-e-type=\"widget\" data-widget_type=\"spacer.default\">\n\t\t\t\t<div class=\"elementor-widget-container\">\n\t\t\t\t\t\t\t<div class=\"elementor-spacer\">\n\t\t\t<div class=\"elementor-spacer-inner\"><\/div>\n\t\t<\/div>\n\t\t\t\t\t\t<\/div>\n\t\t\t\t<\/div>\n\t\t\t\t\t<\/div>\n\t\t<\/div>\n\t\t\t\t\t<\/div>\n\t\t<\/section>\n\t\t\t\t<section class=\"elementor-section elementor-top-section elementor-element elementor-element-a431757 elementor-section-boxed elementor-section-height-default elementor-section-height-default\" data-id=\"a431757\" data-element_type=\"section\" data-e-type=\"section\" data-settings=\"{&quot;background_background&quot;:&quot;classic&quot;}\">\n\t\t\t\t\t\t<div class=\"elementor-container elementor-column-gap-default\">\n\t\t\t\t\t<div class=\"elementor-column elementor-col-100 elementor-top-column elementor-element elementor-element-4ddb823\" data-id=\"4ddb823\" data-element_type=\"column\" data-e-type=\"column\">\n\t\t\t<div class=\"elementor-widget-wrap elementor-element-populated\">\n\t\t\t\t\t\t<div class=\"elementor-element elementor-element-f7abd9a elementor-widget elementor-widget-heading\" data-id=\"f7abd9a\" data-element_type=\"widget\" data-e-type=\"widget\" data-widget_type=\"heading.default\">\n\t\t\t\t<div class=\"elementor-widget-container\">\n\t\t\t\t\t<h2 class=\"elementor-heading-title elementor-size-default\">IMPRINT<\/h2>\t\t\t\t<\/div>\n\t\t\t\t<\/div>\n\t\t\t\t<div class=\"elementor-element elementor-element-a1c4bc8 elementor-widget elementor-widget-text-editor\" data-id=\"a1c4bc8\" data-element_type=\"widget\" data-e-type=\"widget\" data-widget_type=\"text-editor.default\">\n\t\t\t\t<div class=\"elementor-widget-container\">\n\t\t\t\t\t\t\t\t\t<p>Information in accordance with \u00a7 5 TMG:<\/p>\t\t\t\t\t\t\t\t<\/div>\n\t\t\t\t<\/div>\n\t\t\t\t<div class=\"elementor-element elementor-element-9a2581b elementor-widget elementor-widget-text-editor\" data-id=\"9a2581b\" data-element_type=\"widget\" data-e-type=\"widget\" data-widget_type=\"text-editor.default\">\n\t\t\t\t<div class=\"elementor-widget-container\">\n\t\t\t\t\t\t\t\t\t<p>Katz Orange GmbH\u00a0<br \/><span style=\"background-color: var( --e-global-color-d047cac ); color: var( --e-global-color-primary ); font-family: var( --e-global-typography-5f52d0b-font-family ), Sans-serif; font-size: var( --e-global-typography-5f52d0b-font-size ); font-style: var( --e-global-typography-5f52d0b-font-style ); font-weight: var( --e-global-typography-5f52d0b-font-weight ); letter-spacing: var( --e-global-typography-5f52d0b-letter-spacing ); word-spacing: var( --e-global-typography-5f52d0b-word-spacing );\">Bergstra\u00dfe 22 <br \/>10115 Berlin<\/span><\/p>\t\t\t\t\t\t\t\t<\/div>\n\t\t\t\t<\/div>\n\t\t\t\t<div class=\"elementor-element elementor-element-57699d2 elementor-widget elementor-widget-heading\" data-id=\"57699d2\" data-element_type=\"widget\" data-e-type=\"widget\" data-widget_type=\"heading.default\">\n\t\t\t\t<div class=\"elementor-widget-container\">\n\t\t\t\t\t<h2 class=\"elementor-heading-title elementor-size-default\">Represented by<\/h2>\t\t\t\t<\/div>\n\t\t\t\t<\/div>\n\t\t\t\t<div class=\"elementor-element elementor-element-80f2782 elementor-widget elementor-widget-text-editor\" data-id=\"80f2782\" data-element_type=\"widget\" data-e-type=\"widget\" data-widget_type=\"text-editor.default\">\n\t\t\t\t<div class=\"elementor-widget-container\">\n\t\t\t\t\t\t\t\t\t<p>Ludwig Cramer-Klett <br \/><span style=\"background-color: var( --e-global-color-d047cac ); color: var( --e-global-color-primary ); font-family: var( --e-global-typography-5f52d0b-font-family ), Sans-serif; font-size: var( --e-global-typography-5f52d0b-font-size ); font-style: var( --e-global-typography-5f52d0b-font-style ); font-weight: var( --e-global-typography-5f52d0b-font-weight ); letter-spacing: var( --e-global-typography-5f52d0b-letter-spacing ); word-spacing: var( --e-global-typography-5f52d0b-word-spacing );\">Lill Sommer<\/span><\/p>\t\t\t\t\t\t\t\t<\/div>\n\t\t\t\t<\/div>\n\t\t\t\t<div class=\"elementor-element elementor-element-7ce5df9 elementor-widget elementor-widget-heading\" data-id=\"7ce5df9\" data-element_type=\"widget\" data-e-type=\"widget\" data-widget_type=\"heading.default\">\n\t\t\t\t<div class=\"elementor-widget-container\">\n\t\t\t\t\t<h2 class=\"elementor-heading-title elementor-size-default\">Contact<\/h2>\t\t\t\t<\/div>\n\t\t\t\t<\/div>\n\t\t\t\t<div class=\"elementor-element elementor-element-8cabfd4 elementor-widget elementor-widget-text-editor\" data-id=\"8cabfd4\" data-element_type=\"widget\" data-e-type=\"widget\" data-widget_type=\"text-editor.default\">\n\t\t\t\t<div class=\"elementor-widget-container\">\n\t\t\t\t\t\t\t\t\t<p><span style=\"background-color: var( --e-global-color-d047cac ); color: var( --e-global-color-primary ); font-family: var( --e-global-typography-5f52d0b-font-family ), Sans-serif; font-size: var( --e-global-typography-5f52d0b-font-size ); font-style: var( --e-global-typography-5f52d0b-font-style ); font-weight: var( --e-global-typography-5f52d0b-font-weight ); letter-spacing: var( --e-global-typography-5f52d0b-letter-spacing ); word-spacing: var( --e-global-typography-5f52d0b-word-spacing );\">Phone +49(0) 30 983 208 430<br \/>E-Mail: info@katzorange.com<\/span><\/p>\t\t\t\t\t\t\t\t<\/div>\n\t\t\t\t<\/div>\n\t\t\t\t<div class=\"elementor-element elementor-element-6fe1e17 elementor-widget elementor-widget-heading\" data-id=\"6fe1e17\" data-element_type=\"widget\" data-e-type=\"widget\" data-widget_type=\"heading.default\">\n\t\t\t\t<div class=\"elementor-widget-container\">\n\t\t\t\t\t<h2 class=\"elementor-heading-title elementor-size-default\">Register entry<\/h2>\t\t\t\t<\/div>\n\t\t\t\t<\/div>\n\t\t\t\t<div class=\"elementor-element elementor-element-f3a3f08 elementor-widget elementor-widget-text-editor\" data-id=\"f3a3f08\" data-element_type=\"widget\" data-e-type=\"widget\" data-widget_type=\"text-editor.default\">\n\t\t\t\t<div class=\"elementor-widget-container\">\n\t\t\t\t\t\t\t\t\t<p><span style=\"background-color: var( --e-global-color-d047cac ); color: var( --e-global-color-primary ); font-family: var( --e-global-typography-5f52d0b-font-family ), Sans-serif; font-size: var( --e-global-typography-5f52d0b-font-size ); font-style: var( --e-global-typography-5f52d0b-font-style ); font-weight: var( --e-global-typography-5f52d0b-font-weight ); letter-spacing: var( --e-global-typography-5f52d0b-letter-spacing ); word-spacing: var( --e-global-typography-5f52d0b-word-spacing );\">Register court: Charlottenburg Local Court <br>Register number: HRB 172645B<\/span><\/p>\t\t\t\t\t\t\t\t<\/div>\n\t\t\t\t<\/div>\n\t\t\t\t<div class=\"elementor-element elementor-element-0454760 elementor-widget elementor-widget-heading\" data-id=\"0454760\" data-element_type=\"widget\" data-e-type=\"widget\" data-widget_type=\"heading.default\">\n\t\t\t\t<div class=\"elementor-widget-container\">\n\t\t\t\t\t<h2 class=\"elementor-heading-title elementor-size-default\">Sales tax ID<\/h2>\t\t\t\t<\/div>\n\t\t\t\t<\/div>\n\t\t\t\t<div class=\"elementor-element elementor-element-8ab8747 elementor-widget elementor-widget-text-editor\" data-id=\"8ab8747\" data-element_type=\"widget\" data-e-type=\"widget\" data-widget_type=\"text-editor.default\">\n\t\t\t\t<div class=\"elementor-widget-container\">\n\t\t\t\t\t\t\t\t\t<p>according to \u00a727 a sales tax law: DE 304742367<\/p>\t\t\t\t\t\t\t\t<\/div>\n\t\t\t\t<\/div>\n\t\t\t\t<div class=\"elementor-element elementor-element-f2fb3b8 elementor-widget elementor-widget-heading\" data-id=\"f2fb3b8\" data-element_type=\"widget\" data-e-type=\"widget\" data-widget_type=\"heading.default\">\n\t\t\t\t<div class=\"elementor-widget-container\">\n\t\t\t\t\t<h2 class=\"elementor-heading-title elementor-size-default\">Sources for the images and graphics used<\/h2>\t\t\t\t<\/div>\n\t\t\t\t<\/div>\n\t\t\t\t<div class=\"elementor-element elementor-element-45351d7 elementor-widget elementor-widget-heading\" data-id=\"45351d7\" data-element_type=\"widget\" data-e-type=\"widget\" data-widget_type=\"heading.default\">\n\t\t\t\t<div class=\"elementor-widget-container\">\n\t\t\t\t\t<h2 class=\"elementor-heading-title elementor-size-default\">Photos<\/h2>\t\t\t\t<\/div>\n\t\t\t\t<\/div>\n\t\t\t\t<div class=\"elementor-element elementor-element-887d267 elementor-widget elementor-widget-text-editor\" data-id=\"887d267\" data-element_type=\"widget\" data-e-type=\"widget\" data-widget_type=\"text-editor.default\">\n\t\t\t\t<div class=\"elementor-widget-container\">\n\t\t\t\t\t\t\t\t\t<p>JOOHN Photography <br \/>John Br\u00f6mstrup <br \/>K\u00f6penicker Str. 10 <br \/>10997 Berlin <br \/>T +49 179 485 96 96 <br \/>br\u00f6mstrupjb@joohn.de <br \/>http:\/\/joohn.de<\/p>\t\t\t\t\t\t\t\t<\/div>\n\t\t\t\t<\/div>\n\t\t\t\t<div class=\"elementor-element elementor-element-ce09f48 elementor-widget elementor-widget-heading\" data-id=\"ce09f48\" data-element_type=\"widget\" data-e-type=\"widget\" data-widget_type=\"heading.default\">\n\t\t\t\t<div class=\"elementor-widget-container\">\n\t\t\t\t\t<h2 class=\"elementor-heading-title elementor-size-default\">Graphic design &amp; web design<\/h2>\t\t\t\t<\/div>\n\t\t\t\t<\/div>\n\t\t\t\t<div class=\"elementor-element elementor-element-580b288 elementor-widget elementor-widget-text-editor\" data-id=\"580b288\" data-element_type=\"widget\" data-e-type=\"widget\" data-widget_type=\"text-editor.default\">\n\t\t\t\t<div class=\"elementor-widget-container\">\n\t\t\t\t\t\t\t\t\t<p>Leda Li Pira<br \/>hello@ledalipira.com<br \/><br \/>Raphael Peters<br \/>create@raphamakes.com<\/p>\t\t\t\t\t\t\t\t<\/div>\n\t\t\t\t<\/div>\n\t\t\t\t<div class=\"elementor-element elementor-element-53a258f elementor-widget elementor-widget-heading\" data-id=\"53a258f\" data-element_type=\"widget\" data-e-type=\"widget\" data-widget_type=\"heading.default\">\n\t\t\t\t<div class=\"elementor-widget-container\">\n\t\t\t\t\t<h2 class=\"elementor-heading-title elementor-size-default\">Film production<\/h2>\t\t\t\t<\/div>\n\t\t\t\t<\/div>\n\t\t\t\t<div class=\"elementor-element elementor-element-766aa51 elementor-widget elementor-widget-text-editor\" data-id=\"766aa51\" data-element_type=\"widget\" data-e-type=\"widget\" data-widget_type=\"text-editor.default\">\n\t\t\t\t<div class=\"elementor-widget-container\">\n\t\t\t\t\t\t\t\t\t<p>Raphael Peters<br \/>create@raphamakes<\/p>\t\t\t\t\t\t\t\t<\/div>\n\t\t\t\t<\/div>\n\t\t\t\t<div class=\"elementor-element elementor-element-a13afe5 elementor-widget elementor-widget-heading\" data-id=\"a13afe5\" data-element_type=\"widget\" data-e-type=\"widget\" data-widget_type=\"heading.default\">\n\t\t\t\t<div class=\"elementor-widget-container\">\n\t\t\t\t\t<h2 class=\"elementor-heading-title elementor-size-default\">Disclaimer of liability<\/h2>\t\t\t\t<\/div>\n\t\t\t\t<\/div>\n\t\t\t\t<div class=\"elementor-element elementor-element-df26839 elementor-widget elementor-widget-text-editor\" data-id=\"df26839\" data-element_type=\"widget\" data-e-type=\"widget\" data-widget_type=\"text-editor.default\">\n\t\t\t\t<div class=\"elementor-widget-container\">\n\t\t\t\t\t\t\t\t\t<p><span style=\"font-weight: 400;\">Liability for content<\/span><\/p><p><span style=\"font-weight: 400;\">As a service provider, we are responsible for our own content on these pages in accordance with \u00a7 7 para. 1 TMG (German Telemedia Act).<\/span><span style=\"font-weight: 400;\"><br \/><\/span><span style=\"font-weight: 400;\">Gesetzen verantwortlich. Nach \u00a7\u00a7 8 bis 10 TMG sind wir als Diensteanbieter jedoch nicht verpflichtet, \u00fcbermittelte oder gespeicherte fremde Informationen zu \u00fcberwachen oder nach Umst\u00e4nden zu forschen, die auf eine rechtswidrige T\u00e4tigkeit hinweisen.<\/span><\/p><p><span style=\"font-weight: 400;\">Obligations to remove or block the use of information in accordance with general legislation remain unaffected by this. However, liability in this respect is only possible from the time we become aware of a specific infringement. As soon as we become aware of such infringements, we will remove this content immediately.<\/span><\/p><p><span style=\"font-weight: 400;\">Liability for links<\/span><\/p><p><span style=\"font-weight: 400;\">Our website contains links to external third-party websites over whose content we have no influence. Therefore, we cannot accept any liability for this third-party content. The respective provider or operator of the pages is always responsible for the content of the linked pages. The linked pages were checked for possible legal violations at the time of linking. Illegal contents were not recognisable at the time of linking.<\/span><\/p><p><span style=\"font-weight: 400;\">However, permanent monitoring of the content of the linked pages is not reasonable without concrete evidence of an infringement. If we become aware of any legal infringements, we will remove such links immediately.<\/span><\/p><p><span style=\"font-weight: 400;\">Copyright<\/span><\/p><p><span style=\"font-weight: 400;\">The content and works created by the site operators on these pages are subject to German copyright law.<\/span><\/p><p><span style=\"font-weight: 400;\">Copyright. Duplication, processing, distribution and any kind of utilisation outside the limits of copyright law require the written consent of the respective author or creator. Downloads and copies of this site are only permitted for private, non-commercial use.<\/span><\/p><p><span style=\"font-weight: 400;\">Insofar as the content on this site was not created by the operator, the copyrights of third parties are respected. In particular, third-party content is labelled as such. Should you nevertheless become aware of a copyright infringement, please inform us accordingly. If we become aware of any infringements, we will remove such content immediately.<\/span><\/p>\t\t\t\t\t\t\t\t<\/div>\n\t\t\t\t<\/div>\n\t\t\t\t\t<\/div>\n\t\t<\/div>\n\t\t\t\t\t<\/div>\n\t\t<\/section>\n\t\t\t\t<\/div>","protected":false},"excerpt":{"rendered":"<p>IMPRESSUM Angaben gem\u00e4\u00df \u00a7 5 TMG: Katz Orange GmbH\u00a0Bergstra\u00dfe 22 10115 Berlin Vertreten durch Ludwig Cramer-Klett Lill Sommer Kontakt Telefon: +49 (0)30 983 208 430E-Mail: info@katzorange.com Registereintrag Registergericht: Amtsgericht Charlottenburg Registernummer: HRB 172645B Umsatzsteuer-ID gem\u00e4\u00df \u00a727 a Umsatzsteuergesetz: DE 304742367 Quellenangaben f\u00fcr die verwendeten Bilder und Grafiken Fotos: JOOHN Photography John Br\u00f6mstrup K\u00f6penicker Str. 10 [&hellip;]<\/p>\n","protected":false},"author":2,"featured_media":0,"parent":0,"menu_order":0,"comment_status":"closed","ping_status":"closed","template":"elementor_header_footer","meta":{"footnotes":""},"class_list":["post-1977","page","type-page","status-publish","hentry"],"_links":{"self":[{"href":"https:\/\/katzorange.com\/en\/wp-json\/wp\/v2\/pages\/1977","targetHints":{"allow":["GET"]}}],"collection":[{"href":"https:\/\/katzorange.com\/en\/wp-json\/wp\/v2\/pages"}],"about":[{"href":"https:\/\/katzorange.com\/en\/wp-json\/wp\/v2\/types\/page"}],"author":[{"embeddable":true,"href":"https:\/\/katzorange.com\/en\/wp-json\/wp\/v2\/users\/2"}],"replies":[{"embeddable":true,"href":"https:\/\/katzorange.com\/en\/wp-json\/wp\/v2\/comments?post=1977"}],"version-history":[{"count":10,"href":"https:\/\/katzorange.com\/en\/wp-json\/wp\/v2\/pages\/1977\/revisions"}],"predecessor-version":[{"id":3796,"href":"https:\/\/katzorange.com\/en\/wp-json\/wp\/v2\/pages\/1977\/revisions\/3796"}],"wp:attachment":[{"href":"https:\/\/katzorange.com\/en\/wp-json\/wp\/v2\/media?parent=1977"}],"curies":[{"name":"wp","href":"https:\/\/api.w.org\/{rel}","templated":true}]}}